{"id":2652,"date":"2025-07-06T17:13:41","date_gmt":"2025-07-06T17:13:41","guid":{"rendered":"https:\/\/dreamapartmentscanarias.com\/?page_id=2652"},"modified":"2025-07-09T17:53:48","modified_gmt":"2025-07-09T17:53:48","slug":"aora-gimnasio","status":"publish","type":"page","link":"https:\/\/dreamapartmentscanarias.com\/en\/aora-gimnasio\/","title":{"rendered":"Aora Gimnasio"},"content":{"rendered":"<p>[et_pb_section fb_built=&#8221;1&#8243; _builder_version=&#8221;4.27.4&#8243; _module_preset=&#8221;default&#8221; background_color=&#8221;#FFFFFF&#8221; custom_padding=&#8221;||0px||false|false&#8221; locked=&#8221;off&#8221; global_colors_info=&#8221;{}&#8221;][et_pb_row _builder_version=&#8221;4.27.4&#8243; _module_preset=&#8221;default&#8221; global_colors_info=&#8221;{}&#8221;][et_pb_column type=&#8221;4_4&#8243; _builder_version=&#8221;4.27.4&#8243; _module_preset=&#8221;default&#8221; global_colors_info=&#8221;{}&#8221;][et_pb_text _builder_version=&#8221;4.27.4&#8243; _module_preset=&#8221;e6504a1b-67eb-4b3d-b023-bcab277610b6&#8243; header_4_font=&#8221;Manrope|700||on|||||&#8221; header_4_text_color=&#8221;gcid-e774bbb9-81bd-4bb2-9cef-42cea183ceb3&#8243; header_4_font_size=&#8221;14px&#8221; header_4_letter_spacing=&#8221;1px&#8221; header_4_line_height=&#8221;1.4em&#8221; custom_margin=&#8221;||0px||false|false&#8221; global_colors_info=&#8221;{%22gcid-e774bbb9-81bd-4bb2-9cef-42cea183ceb3%22:%91%22header_4_text_color%22%93}&#8221;]<\/p>\n<h4>Dream Apartments Canarias<\/h4>\n<p>[\/et_pb_text][et_pb_text _builder_version=&#8221;4.27.4&#8243; _module_preset=&#8221;c16985e1-e0d6-4022-964d-e2bfc04fa633&#8243; header_font=&#8221;Manrope|700||on|||||&#8221; header_text_align=&#8221;center&#8221; header_text_color=&#8221;gcid-136df1d6-f39d-48de-98f9-3323f068d6a4&#8243; header_font_size=&#8221;65px&#8221; header_letter_spacing=&#8221;0.05em&#8221; header_line_height=&#8221;1.2em&#8221; custom_margin=&#8221;||0px||false|false&#8221; header_font_size_tablet=&#8221;40px&#8221; header_font_size_phone=&#8221;40px&#8221; header_font_size_last_edited=&#8221;on|desktop&#8221; global_colors_info=&#8221;{%22gcid-136df1d6-f39d-48de-98f9-3323f068d6a4%22:%91%22header_text_color%22%93}&#8221;]<\/p>\n<h1>AORA Parque Bulevar<\/h1>\n<p>[\/et_pb_text][et_pb_text _builder_version=&#8221;4.27.4&#8243; _module_preset=&#8221;e6504a1b-67eb-4b3d-b023-bcab277610b6&#8243; header_text_align=&#8221;center&#8221; header_text_color=&#8221;gcid-secondary-color&#8221; header_4_font=&#8221;Manrope|700||on|||||&#8221; header_4_text_align=&#8221;center&#8221; header_4_text_color=&#8221;gcid-secondary-color&#8221; header_4_letter_spacing=&#8221;1px&#8221; header_4_line_height=&#8221;1.4em&#8221; custom_margin=&#8221;||0px||false|false&#8221; global_colors_info=&#8221;{%22gcid-secondary-color%22:%91%22header_text_color%22,%22header_4_text_color%22%93}&#8221;]<\/p>\n<h4>Tu gimnasio en Santa cruz de Tenerife<\/h4>\n<p>[\/et_pb_text][\/et_pb_column][\/et_pb_row][\/et_pb_section][et_pb_section fb_built=&#8221;1&#8243; _builder_version=&#8221;4.27.4&#8243; _module_preset=&#8221;default&#8221; background_color=&#8221;gcid-secondary-color&#8221; custom_margin=&#8221;||||true&#8221; custom_padding=&#8221;10px||10px||true|false&#8221; global_colors_info=&#8221;{%22gcid-secondary-color%22:%91%22background_color%22%93}&#8221;][et_pb_row _builder_version=&#8221;4.27.4&#8243; _module_preset=&#8221;default&#8221; global_colors_info=&#8221;{}&#8221;][et_pb_column type=&#8221;4_4&#8243; _builder_version=&#8221;4.27.4&#8243; _module_preset=&#8221;default&#8221; global_colors_info=&#8221;{}&#8221;][et_pb_text _builder_version=&#8221;4.27.4&#8243; _module_preset=&#8221;default&#8221; text_font=&#8221;Manrope|600|||||||&#8221; text_text_color=&#8221;#FFFFFF&#8221; text_font_size=&#8221;18px&#8221; text_orientation=&#8221;center&#8221; global_colors_info=&#8221;{}&#8221;]<\/p>\n<p>\u00bfD\u00eda de entrenamiento? \u00a1Tambi\u00e9n en vacaciones!<\/p>\n<p>Gracias a nuestra colaboraci\u00f3n con AORA Parque Bulevar, ahora puedes disfrutar de un d\u00eda gratis de gimnasio durante tu estancia. Solo tienes que escanear el QR de la imagen y mantener tu rutina activa mientras exploras Tenerife.<\/p>\n<p>\u00a1No hay excusas para dejar de moverte!<\/p>\n<p>[\/et_pb_text][\/et_pb_column][\/et_pb_row][\/et_pb_section][et_pb_section fb_built=&#8221;1&#8243; fullwidth=&#8221;on&#8221; _builder_version=&#8221;4.27.4&#8243; _module_preset=&#8221;default&#8221; global_colors_info=&#8221;{}&#8221;][et_pb_fullwidth_image src=&#8221;https:\/\/dreamapartmentscanarias.com\/wp-content\/uploads\/2025\/07\/\u00a1aora-en-forma-1.jpg&#8221; title_text=&#8221;\u00a1aora en forma! (1)&#8221; _builder_version=&#8221;4.27.4&#8243; _module_preset=&#8221;default&#8221; hover_enabled=&#8221;0&#8243; global_colors_info=&#8221;{}&#8221; sticky_enabled=&#8221;0&#8243;][\/et_pb_fullwidth_image][\/et_pb_section][et_pb_section fb_built=&#8221;1&#8243; _builder_version=&#8221;4.27.4&#8243; _module_preset=&#8221;default&#8221; background_color=&#8221;gcid-9e13f742-3963-44a9-b219-b6c67993085d&#8221; custom_padding=&#8221;0px||0px|||&#8221; collapsed=&#8221;on&#8221; global_colors_info=&#8221;{%22gcid-9e13f742-3963-44a9-b219-b6c67993085d%22:%91%22background_color%22%93}&#8221;][et_pb_row _builder_version=&#8221;4.27.4&#8243; _module_preset=&#8221;default&#8221; custom_padding=&#8221;||0px||false|false&#8221; global_colors_info=&#8221;{}&#8221;][et_pb_column type=&#8221;4_4&#8243; _builder_version=&#8221;4.27.4&#8243; _module_preset=&#8221;default&#8221; global_colors_info=&#8221;{}&#8221;][et_pb_divider _builder_version=&#8221;4.27.4&#8243; _module_preset=&#8221;default&#8221; global_colors_info=&#8221;{}&#8221;][\/et_pb_divider][\/et_pb_column][\/et_pb_row][\/et_pb_section][et_pb_section fb_built=&#8221;1&#8243; fullwidth=&#8221;on&#8221; _builder_version=&#8221;4.27.4&#8243; _module_preset=&#8221;default&#8221; global_colors_info=&#8221;{}&#8221;][et_pb_fullwidth_image src=&#8221;https:\/\/dreamapartmentscanarias.com\/wp-content\/uploads\/2025\/07\/\u00a1aora-en-forma-2.jpg&#8221; title_text=&#8221;\u00a1aora en forma! (2)&#8221; _builder_version=&#8221;4.27.4&#8243; _module_preset=&#8221;default&#8221; global_colors_info=&#8221;{}&#8221;][\/et_pb_fullwidth_image][\/et_pb_section][et_pb_section fb_built=&#8221;1&#8243; _builder_version=&#8221;4.27.4&#8243; _module_preset=&#8221;default&#8221; background_color=&#8221;gcid-9e13f742-3963-44a9-b219-b6c67993085d&#8221; custom_padding=&#8221;0px||0px|||&#8221; collapsed=&#8221;on&#8221; global_colors_info=&#8221;{%22gcid-9e13f742-3963-44a9-b219-b6c67993085d%22:%91%22background_color%22%93}&#8221;][et_pb_row _builder_version=&#8221;4.27.4&#8243; _module_preset=&#8221;default&#8221; custom_padding=&#8221;||0px||false|false&#8221; global_colors_info=&#8221;{}&#8221;][et_pb_column type=&#8221;4_4&#8243; _builder_version=&#8221;4.27.4&#8243; _module_preset=&#8221;default&#8221; global_colors_info=&#8221;{}&#8221;][et_pb_divider _builder_version=&#8221;4.27.4&#8243; _module_preset=&#8221;default&#8221; global_colors_info=&#8221;{}&#8221;][\/et_pb_divider][\/et_pb_column][\/et_pb_row][\/et_pb_section]<\/p>\n","protected":false},"excerpt":{"rendered":"<p>Dream Apartments CanariasAORA Parque BulevarTu gimnasio en Santa cruz de Tenerife\u00bfD\u00eda de entrenamiento? \u00a1Tambi\u00e9n en vacaciones! Gracias a nuestra colaboraci\u00f3n con AORA Parque Bulevar, ahora puedes disfrutar de un d\u00eda gratis de gimnasio durante tu estancia. Solo tienes que escanear el QR de la imagen y mantener tu rutina activa mientras exploras Tenerife. \u00a1No hay [&hellip;]<\/p>\n","protected":false},"author":1,"featured_media":0,"parent":0,"menu_order":0,"comment_status":"closed","ping_status":"closed","template":"","meta":{"_et_pb_use_builder":"on","_et_pb_old_content":"","_et_gb_content_width":"","inline_featured_image":false,"footnotes":"","_links_to":"","_links_to_target":""},"class_list":["post-2652","page","type-page","status-publish","hentry"],"_links":{"self":[{"href":"https:\/\/dreamapartmentscanarias.com\/en\/wp-json\/wp\/v2\/pages\/2652","targetHints":{"allow":["GET"]}}],"collection":[{"href":"https:\/\/dreamapartmentscanarias.com\/en\/wp-json\/wp\/v2\/pages"}],"about":[{"href":"https:\/\/dreamapartmentscanarias.com\/en\/wp-json\/wp\/v2\/types\/page"}],"author":[{"embeddable":true,"href":"https:\/\/dreamapartmentscanarias.com\/en\/wp-json\/wp\/v2\/users\/1"}],"replies":[{"embeddable":true,"href":"https:\/\/dreamapartmentscanarias.com\/en\/wp-json\/wp\/v2\/comments?post=2652"}],"version-history":[{"count":5,"href":"https:\/\/dreamapartmentscanarias.com\/en\/wp-json\/wp\/v2\/pages\/2652\/revisions"}],"predecessor-version":[{"id":2677,"href":"https:\/\/dreamapartmentscanarias.com\/en\/wp-json\/wp\/v2\/pages\/2652\/revisions\/2677"}],"wp:attachment":[{"href":"https:\/\/dreamapartmentscanarias.com\/en\/wp-json\/wp\/v2\/media?parent=2652"}],"curies":[{"name":"wp","href":"https:\/\/api.w.org\/{rel}","templated":true}]}}