{"id":2785,"date":"2025-08-16T18:15:15","date_gmt":"2025-08-16T18:15:15","guid":{"rendered":"https:\/\/dreamapartmentscanarias.com\/?page_id=2785"},"modified":"2025-08-16T18:17:50","modified_gmt":"2025-08-16T18:17:50","slug":"lockers-canarias","status":"publish","type":"page","link":"https:\/\/dreamapartmentscanarias.com\/en\/lockers-canarias\/","title":{"rendered":"Lockers Canarias"},"content":{"rendered":"<p>[et_pb_section fb_built=&#8221;1&#8243; _builder_version=&#8221;4.27.4&#8243; _module_preset=&#8221;default&#8221; background_color=&#8221;gcid-secondary-color&#8221; custom_margin=&#8221;||||true&#8221; custom_padding=&#8221;10px||10px||true|false&#8221; global_colors_info=&#8221;{%22gcid-secondary-color%22:%91%22background_color%22%93}&#8221;][et_pb_row _builder_version=&#8221;4.27.4&#8243; _module_preset=&#8221;default&#8221; global_colors_info=&#8221;{}&#8221;][et_pb_column type=&#8221;4_4&#8243; _builder_version=&#8221;4.27.4&#8243; _module_preset=&#8221;default&#8221; global_colors_info=&#8221;{}&#8221;][et_pb_text _builder_version=&#8221;4.27.4&#8243; _module_preset=&#8221;e6504a1b-67eb-4b3d-b023-bcab277610b6&#8243; header_4_font=&#8221;Manrope|700||on|||||&#8221; header_4_text_color=&#8221;gcid-e774bbb9-81bd-4bb2-9cef-42cea183ceb3&#8243; header_4_font_size=&#8221;14px&#8221; header_4_letter_spacing=&#8221;1px&#8221; header_4_line_height=&#8221;1.4em&#8221; custom_margin=&#8221;||0px||false|false&#8221; global_colors_info=&#8221;{%22gcid-e774bbb9-81bd-4bb2-9cef-42cea183ceb3%22:%91%22header_4_text_color%22%93}&#8221;]<\/p>\n<h4>Dream Apartments Canarias<\/h4>\n<p>[\/et_pb_text][et_pb_text _builder_version=&#8221;4.27.4&#8243; _module_preset=&#8221;c16985e1-e0d6-4022-964d-e2bfc04fa633&#8243; header_font=&#8221;Manrope|700||on|||||&#8221; header_text_align=&#8221;center&#8221; header_text_color=&#8221;#FFFFFF&#8221; header_font_size=&#8221;65px&#8221; header_letter_spacing=&#8221;0.05em&#8221; header_line_height=&#8221;1.2em&#8221; custom_margin=&#8221;||0px||false|false&#8221; hover_enabled=&#8221;0&#8243; header_font_size_tablet=&#8221;40px&#8221; header_font_size_phone=&#8221;40px&#8221; header_font_size_last_edited=&#8221;on|desktop&#8221; global_colors_info=&#8221;{}&#8221; sticky_enabled=&#8221;0&#8243;]<\/p>\n<h1>Lockers Canarias<\/h1>\n<p>[\/et_pb_text][et_pb_text _builder_version=&#8221;4.27.4&#8243; _module_preset=&#8221;e6504a1b-67eb-4b3d-b023-bcab277610b6&#8243; header_text_align=&#8221;center&#8221; header_text_color=&#8221;gcid-secondary-color&#8221; header_4_font=&#8221;Manrope|700||on|||||&#8221; header_4_text_align=&#8221;center&#8221; header_4_text_color=&#8221;#FFFFFF&#8221; header_4_letter_spacing=&#8221;1px&#8221; header_4_line_height=&#8221;1.4em&#8221; custom_margin=&#8221;||0px||false|false&#8221; hover_enabled=&#8221;0&#8243; global_colors_info=&#8221;{%22gcid-secondary-color%22:%91%22header_text_color%22%93}&#8221; sticky_enabled=&#8221;0&#8243;]<\/p>\n<h4>En Lockers Canarias te ofrecemos un lugar seguro y en una buena ubicaci\u00f3n donde guardar tu maleta<\/h4>\n<p>[\/et_pb_text][\/et_pb_column][\/et_pb_row][\/et_pb_section][et_pb_section fb_built=&#8221;1&#8243; _builder_version=&#8221;4.27.4&#8243; _module_preset=&#8221;default&#8221; background_color=&#8221;#FFFFFF&#8221; custom_padding=&#8221;||0px||false|false&#8221; locked=&#8221;off&#8221; global_colors_info=&#8221;{}&#8221;][et_pb_row _builder_version=&#8221;4.27.4&#8243; _module_preset=&#8221;default&#8221;][et_pb_column _builder_version=&#8221;4.27.4&#8243; _module_preset=&#8221;default&#8221; type=&#8221;4_4&#8243;][et_pb_image src=&#8221;https:\/\/dreamapartmentscanarias.com\/wp-content\/uploads\/2025\/08\/lockers_canarias_logo.png&#8221; _builder_version=&#8221;4.27.4&#8243; _module_preset=&#8221;default&#8221; title_text=&#8221;lockers_canarias_logo&#8221; hover_enabled=&#8221;0&#8243; sticky_enabled=&#8221;0&#8243; url_new_window=&#8221;on&#8221; url=&#8221;https:\/\/lockerscanarias.com\/&#8221;][\/et_pb_image][\/et_pb_column][\/et_pb_row][\/et_pb_section][et_pb_section fb_built=&#8221;1&#8243; theme_builder_area=&#8221;post_content&#8221; _builder_version=&#8221;4.27.4&#8243; _module_preset=&#8221;default&#8221; background_color=&#8221;#00d9da&#8221; hover_enabled=&#8221;0&#8243; sticky_enabled=&#8221;0&#8243; custom_padding=&#8221;||0px|||&#8221;][et_pb_row _builder_version=&#8221;4.27.4&#8243; _module_preset=&#8221;default&#8221; theme_builder_area=&#8221;post_content&#8221; column_structure=&#8221;1_2,1_2&#8243; hover_enabled=&#8221;0&#8243; sticky_enabled=&#8221;0&#8243;][et_pb_column _builder_version=&#8221;4.27.4&#8243; _module_preset=&#8221;default&#8221; type=&#8221;1_2&#8243; theme_builder_area=&#8221;post_content&#8221;][et_pb_image src=&#8221;https:\/\/dreamapartmentscanarias.com\/wp-content\/uploads\/2025\/08\/WhatsApp-Image-2025-08-14-at-17.55.05-1.jpeg&#8221; _builder_version=&#8221;4.27.4&#8243; _module_preset=&#8221;default&#8221; theme_builder_area=&#8221;post_content&#8221; title_text=&#8221;WhatsApp Image 2025-08-14 at 17.55.05 (1)&#8221; hover_enabled=&#8221;0&#8243; sticky_enabled=&#8221;0&#8243;][\/et_pb_image][\/et_pb_column][et_pb_column _builder_version=&#8221;4.27.4&#8243; _module_preset=&#8221;default&#8221; type=&#8221;1_2&#8243; theme_builder_area=&#8221;post_content&#8221;][et_pb_image src=&#8221;https:\/\/dreamapartmentscanarias.com\/wp-content\/uploads\/2025\/08\/WhatsApp-Image-2025-08-14-at-17.55.08.jpeg&#8221; _builder_version=&#8221;4.27.4&#8243; _module_preset=&#8221;default&#8221; theme_builder_area=&#8221;post_content&#8221; title_text=&#8221;WhatsApp Image 2025-08-14 at 17.55.08&#8243; hover_enabled=&#8221;0&#8243; sticky_enabled=&#8221;0&#8243;][\/et_pb_image][\/et_pb_column][\/et_pb_row][et_pb_row _builder_version=&#8221;4.27.4&#8243; _module_preset=&#8221;default&#8221; theme_builder_area=&#8221;post_content&#8221;][et_pb_column _builder_version=&#8221;4.27.4&#8243; _module_preset=&#8221;default&#8221; type=&#8221;4_4&#8243; theme_builder_area=&#8221;post_content&#8221;][et_pb_text _builder_version=&#8221;4.27.4&#8243; _module_preset=&#8221;e6504a1b-67eb-4b3d-b023-bcab277610b6&#8243; header_text_align=&#8221;center&#8221; header_text_color=&#8221;gcid-secondary-color&#8221; header_4_font=&#8221;Manrope|700||on|||||&#8221; header_4_text_align=&#8221;center&#8221; header_4_text_color=&#8221;#444648&#8243; header_4_letter_spacing=&#8221;1px&#8221; header_4_line_height=&#8221;1.4em&#8221; custom_margin=&#8221;0px||25px||false|false&#8221; hover_enabled=&#8221;0&#8243; global_colors_info=&#8221;{%22gcid-secondary-color%22:%91%22header_text_color%22%93}&#8221; sticky_enabled=&#8221;0&#8243; theme_builder_area=&#8221;post_content&#8221; header_4_font_size=&#8221;26px&#8221; background_color=&#8221;#FFFFFF&#8221; custom_padding=&#8221;15px||15px||true|false&#8221;]<\/p>\n<h4>Cuando le aparezca la pantalla del importe a pagar, clicar sobre el s\u00edmbolo &#8220;+&#8221;. Aparecer\u00e1 esta pantalla donde podr\u00e1 introducir el c\u00f3digo y obtener su 10% de descuento.<\/h4>\n<p>[\/et_pb_text][et_pb_image src=&#8221;https:\/\/dreamapartmentscanarias.com\/wp-content\/uploads\/2025\/08\/WhatsApp-Image-2025-08-14-at-17.55.12.jpeg&#8221; _builder_version=&#8221;4.27.4&#8243; _module_preset=&#8221;default&#8221; theme_builder_area=&#8221;post_content&#8221; title_text=&#8221;WhatsApp Image 2025-08-14 at 17.55.12&#8243; hover_enabled=&#8221;0&#8243; sticky_enabled=&#8221;0&#8243;][\/et_pb_image][\/et_pb_column][\/et_pb_row][\/et_pb_section][et_pb_section fb_built=&#8221;1&#8243; theme_builder_area=&#8221;post_content&#8221; _builder_version=&#8221;4.27.4&#8243; _module_preset=&#8221;default&#8221; background_color=&#8221;#00d9da&#8221; hover_enabled=&#8221;0&#8243; sticky_enabled=&#8221;0&#8243; custom_padding=&#8221;0px|||||&#8221; use_background_color_gradient=&#8221;on&#8221; background_color_gradient_stops=&#8221;#00d9da 30%|gcid-9e13f742-3963-44a9-b219-b6c67993085d 100%&#8221; global_colors_info=&#8221;{%22gcid-9e13f742-3963-44a9-b219-b6c67993085d%22:%91%22background_color_gradient_stops%22%93}&#8221;][et_pb_row _builder_version=&#8221;4.27.4&#8243; _module_preset=&#8221;default&#8221; theme_builder_area=&#8221;post_content&#8221; column_structure=&#8221;2_5,3_5&#8243; hover_enabled=&#8221;0&#8243; sticky_enabled=&#8221;0&#8243;][et_pb_column _builder_version=&#8221;4.27.4&#8243; _module_preset=&#8221;default&#8221; type=&#8221;2_5&#8243; theme_builder_area=&#8221;post_content&#8221; hover_enabled=&#8221;0&#8243; sticky_enabled=&#8221;0&#8243; custom_padding=&#8221;45px||||false|false&#8221; custom_padding_last_edited=&#8221;on|desktop&#8221; custom_padding_tablet=&#8221;30px||||false|false&#8221; custom_padding_phone=&#8221;0px||||false|false&#8221;][et_pb_blurb title=&#8221;+34 649 701 819&#8243; use_icon=&#8221;on&#8221; font_icon=&#8221;&#xe090;||divi||400&#8243; icon_color=&#8221;#FFFFFF&#8221; image_icon_background_color=&#8221;#444648&#8243; icon_placement=&#8221;left&#8221; image_icon_width=&#8221;28px&#8221; _builder_version=&#8221;4.27.4&#8243; _module_preset=&#8221;default&#8221; header_font=&#8221;Manrope|700|||||||&#8221; image_icon_custom_padding=&#8221;10px|10px|10px|10px|true|true&#8221; background_layout=&#8221;dark&#8221; animation=&#8221;off&#8221; link_option_url=&#8221;https:\/\/wa.me\/34649701819?&#8221; hover_enabled=&#8221;0&#8243; header_font_size_tablet=&#8221;16px&#8221; header_font_size_phone=&#8221;16px&#8221; header_font_size_last_edited=&#8221;on|phone&#8221; global_colors_info=&#8221;{}&#8221; theme_builder_area=&#8221;et_footer_layout&#8221; sticky_enabled=&#8221;0&#8243; header_text_color=&#8221;#000000&#8243; url_new_window=&#8221;on&#8221; url=&#8221;https:\/\/wa.me\/34649701819?&#8221; link_option_url_new_window=&#8221;on&#8221;]<\/p>\n<p>Tel\u00e9fono<\/p>\n<p>[\/et_pb_blurb][et_pb_blurb title=&#8221;lockerscanarias.com&#8221; use_icon=&#8221;on&#8221; font_icon=&#8221;&#xe0e3;||divi||400&#8243; icon_color=&#8221;#FFFFFF&#8221; image_icon_background_color=&#8221;#444648&#8243; icon_placement=&#8221;left&#8221; image_icon_width=&#8221;28px&#8221; _builder_version=&#8221;4.27.4&#8243; _module_preset=&#8221;default&#8221; header_font=&#8221;Manrope|700|||||||&#8221; image_icon_custom_padding=&#8221;10px|10px|10px|10px|true|true&#8221; background_layout=&#8221;dark&#8221; animation=&#8221;off&#8221; link_option_url=&#8221;https:\/\/lockerscanarias.com\/&#8221; hover_enabled=&#8221;0&#8243; header_font_size_tablet=&#8221;16px&#8221; header_font_size_phone=&#8221;16px&#8221; header_font_size_last_edited=&#8221;on|phone&#8221; global_colors_info=&#8221;{}&#8221; theme_builder_area=&#8221;et_footer_layout&#8221; sticky_enabled=&#8221;0&#8243; header_text_color=&#8221;#000000&#8243; url_new_window=&#8221;on&#8221; link_option_url_new_window=&#8221;on&#8221; header_text_align=&#8221;left&#8221;]<\/p>\n<p>Sitio web<\/p>\n<p>[\/et_pb_blurb][\/et_pb_column][et_pb_column _builder_version=&#8221;4.27.4&#8243; _module_preset=&#8221;default&#8221; type=&#8221;3_5&#8243; theme_builder_area=&#8221;post_content&#8221;][et_pb_image src=&#8221;https:\/\/dreamapartmentscanarias.com\/wp-content\/uploads\/2025\/08\/02-LETRAS-SIN-FONDO.png&#8221; _builder_version=&#8221;4.27.4&#8243; _module_preset=&#8221;default&#8221; theme_builder_area=&#8221;post_content&#8221; title_text=&#8221;02-LETRAS-SIN-FONDO&#8221; hover_enabled=&#8221;0&#8243; sticky_enabled=&#8221;0&#8243;][\/et_pb_image][\/et_pb_column][\/et_pb_row][\/et_pb_section]<\/p>\n","protected":false},"excerpt":{"rendered":"<p>Dream Apartments CanariasLockers CanariasEn Lockers Canarias te ofrecemos un lugar seguro y en una buena ubicaci\u00f3n donde guardar tu maletaCuando le aparezca la pantalla del importe a pagar, clicar sobre el s\u00edmbolo &#8220;+&#8221;. Aparecer\u00e1 esta pantalla donde podr\u00e1 introducir el c\u00f3digo y obtener su 10% de descuento.Tel\u00e9fonoSitio web<\/p>","protected":false},"author":1,"featured_media":0,"parent":0,"menu_order":0,"comment_status":"closed","ping_status":"closed","template":"","meta":{"_et_pb_use_builder":"on","_et_pb_old_content":"","_et_gb_content_width":"","inline_featured_image":false,"footnotes":"","_links_to":"","_links_to_target":""},"class_list":["post-2785","page","type-page","status-publish","hentry"],"_links":{"self":[{"href":"https:\/\/dreamapartmentscanarias.com\/en\/wp-json\/wp\/v2\/pages\/2785","targetHints":{"allow":["GET"]}}],"collection":[{"href":"https:\/\/dreamapartmentscanarias.com\/en\/wp-json\/wp\/v2\/pages"}],"about":[{"href":"https:\/\/dreamapartmentscanarias.com\/en\/wp-json\/wp\/v2\/types\/page"}],"author":[{"embeddable":true,"href":"https:\/\/dreamapartmentscanarias.com\/en\/wp-json\/wp\/v2\/users\/1"}],"replies":[{"embeddable":true,"href":"https:\/\/dreamapartmentscanarias.com\/en\/wp-json\/wp\/v2\/comments?post=2785"}],"version-history":[{"count":5,"href":"https:\/\/dreamapartmentscanarias.com\/en\/wp-json\/wp\/v2\/pages\/2785\/revisions"}],"predecessor-version":[{"id":2798,"href":"https:\/\/dreamapartmentscanarias.com\/en\/wp-json\/wp\/v2\/pages\/2785\/revisions\/2798"}],"wp:attachment":[{"href":"https:\/\/dreamapartmentscanarias.com\/en\/wp-json\/wp\/v2\/media?parent=2785"}],"curies":[{"name":"wp","href":"https:\/\/api.w.org\/{rel}","templated":true}]}}