{"id":549,"date":"2025-05-27T23:24:01","date_gmt":"2025-05-27T23:24:01","guid":{"rendered":"https:\/\/whitesmoke-hamster-693568.hostingersite.com\/?page_id=549"},"modified":"2025-08-22T15:40:28","modified_gmt":"2025-08-22T15:40:28","slug":"precheckin-online","status":"publish","type":"page","link":"https:\/\/dreamapartmentscanarias.com\/en\/precheckin-online\/","title":{"rendered":"Online Pre Check-in"},"content":{"rendered":"<p>[et_pb_section fb_built=&#8221;1&#8243; _builder_version=&#8221;4.27.4&#8243; _module_preset=&#8221;default&#8221; background_color=&#8221;gcid-9e13f742-3963-44a9-b219-b6c67993085d&#8221; custom_padding=&#8221;||0px||false|false&#8221; locked=&#8221;off&#8221; global_colors_info=&#8221;{%22gcid-9e13f742-3963-44a9-b219-b6c67993085d%22:%91%22background_color%22%93}&#8221;][et_pb_row _builder_version=&#8221;4.27.4&#8243; _module_preset=&#8221;default&#8221; global_colors_info=&#8221;{}&#8221;][et_pb_column type=&#8221;4_4&#8243; _builder_version=&#8221;4.27.4&#8243; _module_preset=&#8221;default&#8221; global_colors_info=&#8221;{}&#8221;][et_pb_text _builder_version=&#8221;4.27.4&#8243; _module_preset=&#8221;e6504a1b-67eb-4b3d-b023-bcab277610b6&#8243; header_4_font=&#8221;Manrope|700||on|||||&#8221; header_4_text_color=&#8221;gcid-136df1d6-f39d-48de-98f9-3323f068d6a4&#8243; header_4_font_size=&#8221;14px&#8221; header_4_letter_spacing=&#8221;1px&#8221; header_4_line_height=&#8221;1.4em&#8221; custom_margin=&#8221;||0px||false|false&#8221; global_colors_info=&#8221;{%22gcid-136df1d6-f39d-48de-98f9-3323f068d6a4%22:%91%22header_4_text_color%22%93}&#8221;]<\/p>\n<h4>Dream Apartments Canarias &#8211; SISTEMA DE ACCESO<\/h4>\n<p>[\/et_pb_text][et_pb_text _builder_version=&#8221;4.27.4&#8243; _module_preset=&#8221;c16985e1-e0d6-4022-964d-e2bfc04fa633&#8243; header_font=&#8221;Manrope|700||on|||||&#8221; header_text_color=&#8221;gcid-136df1d6-f39d-48de-98f9-3323f068d6a4&#8243; header_font_size=&#8221;65px&#8221; header_letter_spacing=&#8221;0.05em&#8221; header_line_height=&#8221;1.2em&#8221; header_font_size_tablet=&#8221;40px&#8221; header_font_size_phone=&#8221;45px&#8221; header_font_size_last_edited=&#8221;on|desktop&#8221; global_colors_info=&#8221;{%22gcid-136df1d6-f39d-48de-98f9-3323f068d6a4%22:%91%22header_text_color%22%93}&#8221;]<\/p>\n<h1>PRE CHECK-IN ONLINE<\/h1>\n<p>[\/et_pb_text][et_pb_button button_url=&#8221;https:\/\/wa.me\/34657557513?&#8221; url_new_window=&#8221;on&#8221; button_text=&#8221;Cont\u00e1ctanos para m\u00e1s informaci\u00f3n&#8221; button_alignment=&#8221;left&#8221; button_alignment_tablet=&#8221;left&#8221; button_alignment_phone=&#8221;left&#8221; button_alignment_last_edited=&#8221;on|tablet&#8221; _builder_version=&#8221;4.27.4&#8243; _module_preset=&#8221;default&#8221; custom_button=&#8221;on&#8221; button_text_size=&#8221;14px&#8221; button_text_color=&#8221;#FFFFFF&#8221; button_bg_color=&#8221;gcid-136df1d6-f39d-48de-98f9-3323f068d6a4&#8243; button_border_width=&#8221;0px&#8221; button_border_radius=&#8221;0px&#8221; button_font=&#8221;Inter|700||on|||||&#8221; custom_margin=&#8221;||||false|false&#8221; custom_padding=&#8221;16px|24px|16px|24px|true|true&#8221; global_colors_info=&#8221;{%22gcid-136df1d6-f39d-48de-98f9-3323f068d6a4%22:%91%22button_bg_color%22%93}&#8221;][\/et_pb_button][\/et_pb_column][\/et_pb_row][\/et_pb_section][et_pb_section fb_built=&#8221;1&#8243; _builder_version=&#8221;4.27.4&#8243; _module_preset=&#8221;default&#8221; global_colors_info=&#8221;{}&#8221;][et_pb_row _builder_version=&#8221;4.27.4&#8243; _module_preset=&#8221;default&#8221; global_colors_info=&#8221;{}&#8221;][et_pb_column type=&#8221;4_4&#8243; _builder_version=&#8221;4.27.4&#8243; _module_preset=&#8221;default&#8221; global_colors_info=&#8221;{}&#8221;][et_pb_heading title=&#8221;\u00bfC\u00f3mo realizar mi pre-checkin online?&#8221; _builder_version=&#8221;4.27.4&#8243; _module_preset=&#8221;default&#8221; title_font=&#8221;Manrope|700|||||||&#8221; title_text_color=&#8221;gcid-136df1d6-f39d-48de-98f9-3323f068d6a4&#8243; title_font_size=&#8221;40px&#8221; global_colors_info=&#8221;{%22gcid-136df1d6-f39d-48de-98f9-3323f068d6a4%22:%91%22title_text_color%22%93}&#8221;][\/et_pb_heading][\/et_pb_column][\/et_pb_row][et_pb_row column_structure=&#8221;1_4,3_4&#8243; _builder_version=&#8221;4.27.4&#8243; _module_preset=&#8221;default&#8221; global_colors_info=&#8221;{}&#8221;][et_pb_column type=&#8221;1_4&#8243; _builder_version=&#8221;4.27.4&#8243; _module_preset=&#8221;default&#8221; global_colors_info=&#8221;{}&#8221;][et_pb_icon font_icon=&#8221;&#xf2b6;||fa||900&#8243; _builder_version=&#8221;4.27.4&#8243; _module_preset=&#8221;default&#8221; global_colors_info=&#8221;{}&#8221;][\/et_pb_icon][\/et_pb_column][et_pb_column type=&#8221;3_4&#8243; _builder_version=&#8221;4.27.4&#8243; _module_preset=&#8221;default&#8221; global_colors_info=&#8221;{}&#8221;][et_pb_text _builder_version=&#8221;4.27.4&#8243; _module_preset=&#8221;default&#8221; global_colors_info=&#8221;{}&#8221;]<\/p>\n<h2><span style=\"color: #6f5b3e;\"><span><b>Recepci\u00f3n de correo electr\u00f3nico de pre-checkin<\/b><\/span><\/span><\/h2>\n<h3>Recibir\u00e1s un correo electr\u00f3nico un d\u00eda antes de tu llegada, que incluir\u00e1 un enlace para realizar el registro online de todos los hu\u00e9spedes.<\/h3>\n<p>[\/et_pb_text][\/et_pb_column][\/et_pb_row][et_pb_row column_structure=&#8221;1_4,3_4&#8243; _builder_version=&#8221;4.27.4&#8243; _module_preset=&#8221;default&#8221; global_colors_info=&#8221;{}&#8221;][et_pb_column type=&#8221;1_4&#8243; _builder_version=&#8221;4.27.4&#8243; _module_preset=&#8221;default&#8221; global_colors_info=&#8221;{}&#8221;][et_pb_icon font_icon=&#8221;&#xe0e6;||divi||400&#8243; _builder_version=&#8221;4.27.4&#8243; _module_preset=&#8221;default&#8221; global_colors_info=&#8221;{}&#8221;][\/et_pb_icon][\/et_pb_column][et_pb_column type=&#8221;3_4&#8243; _builder_version=&#8221;4.27.4&#8243; _module_preset=&#8221;default&#8221; global_colors_info=&#8221;{}&#8221;][et_pb_text _builder_version=&#8221;4.27.4&#8243; _module_preset=&#8221;default&#8221; global_colors_info=&#8221;{}&#8221;]<\/p>\n<h2><span style=\"color: #6f5b3e;\"><span><b>Completa el registro online<\/b><\/span><\/span><\/h2>\n<h3>Haz clic en el enlace proporcionado y completa la informaci\u00f3n requerida para todos los hu\u00e9spedes que se alojar\u00e1n.<\/h3>\n<p>[\/et_pb_text][\/et_pb_column][\/et_pb_row][et_pb_row column_structure=&#8221;1_4,3_4&#8243; _builder_version=&#8221;4.27.4&#8243; _module_preset=&#8221;default&#8221; global_colors_info=&#8221;{}&#8221;][et_pb_column type=&#8221;1_4&#8243; _builder_version=&#8221;4.27.4&#8243; _module_preset=&#8221;default&#8221; global_colors_info=&#8221;{}&#8221;][et_pb_icon font_icon=&#8221;&#xf084;||fa||900&#8243; _builder_version=&#8221;4.27.4&#8243; _module_preset=&#8221;default&#8221; global_colors_info=&#8221;{}&#8221;][\/et_pb_icon][\/et_pb_column][et_pb_column type=&#8221;3_4&#8243; _builder_version=&#8221;4.27.4&#8243; _module_preset=&#8221;default&#8221; global_colors_info=&#8221;{}&#8221;][et_pb_text _builder_version=&#8221;4.27.4&#8243; _module_preset=&#8221;default&#8221; global_colors_info=&#8221;{}&#8221;]<\/p>\n<h2><span style=\"color: #6f5b3e;\"><span><b>Recepci\u00f3n de instrucciones y llaves virtuales<br \/><\/b><\/span><\/span><\/h2>\n<h3>Una vez que hayas completado el registro, recibir\u00e1s un segundo correo electr\u00f3nico. Este contendr\u00e1 las instrucciones detalladas de entrada y las llaves virtuales para acceder al alojamiento.<\/h3>\n<p>[\/et_pb_text][\/et_pb_column][\/et_pb_row][et_pb_row column_structure=&#8221;1_4,3_4&#8243; _builder_version=&#8221;4.27.4&#8243; _module_preset=&#8221;default&#8221; global_colors_info=&#8221;{}&#8221;][et_pb_column type=&#8221;1_4&#8243; _builder_version=&#8221;4.27.4&#8243; _module_preset=&#8221;default&#8221; global_colors_info=&#8221;{}&#8221;][et_pb_icon font_icon=&#8221;&#xf1ad;||fa||400&#8243; _builder_version=&#8221;4.27.4&#8243; _module_preset=&#8221;default&#8221; global_colors_info=&#8221;{}&#8221;][\/et_pb_icon][\/et_pb_column][et_pb_column type=&#8221;3_4&#8243; _builder_version=&#8221;4.27.4&#8243; _module_preset=&#8221;default&#8221; global_colors_info=&#8221;{}&#8221;][et_pb_text _builder_version=&#8221;4.27.4&#8243; _module_preset=&#8221;default&#8221; global_colors_info=&#8221;{}&#8221;]<\/p>\n<h2><span style=\"color: #6f5b3e;\"><span><b>Acceso al apartamento<\/p>\n<p><\/b><\/span><\/span><\/h2>\n<h3>Al llegar al apartamento, abre el enlace correspondiente en tu dispositivo m\u00f3vil y localiza las llaves virtuales.<\/h3>\n<p>[\/et_pb_text][\/et_pb_column][\/et_pb_row][et_pb_row column_structure=&#8221;1_4,3_4&#8243; _builder_version=&#8221;4.27.4&#8243; _module_preset=&#8221;default&#8221; global_colors_info=&#8221;{}&#8221;][et_pb_column type=&#8221;1_4&#8243; _builder_version=&#8221;4.27.4&#8243; _module_preset=&#8221;default&#8221; global_colors_info=&#8221;{}&#8221;][et_pb_icon font_icon=&#8221;&#xf09c;||fa||900&#8243; _builder_version=&#8221;4.27.4&#8243; _module_preset=&#8221;default&#8221; global_colors_info=&#8221;{}&#8221;][\/et_pb_icon][\/et_pb_column][et_pb_column type=&#8221;3_4&#8243; _builder_version=&#8221;4.27.4&#8243; _module_preset=&#8221;default&#8221; global_colors_info=&#8221;{}&#8221;][et_pb_text _builder_version=&#8221;4.27.4&#8243; _module_preset=&#8221;default&#8221; global_colors_info=&#8221;{}&#8221;]<\/p>\n<h2><span style=\"color: #6f5b3e;\"><span><b>Uso de las llaves virtuales<br \/><\/b><\/span><\/span><\/h2>\n<p>&nbsp;<\/p>\n<h3>Col\u00f3cate frente a la puerta del apartamento y desliza el candado que aparece en la pantalla de cada llave virtual hacia la derecha para desbloquear la puerta.<\/h3>\n<p>[\/et_pb_text][\/et_pb_column][\/et_pb_row][\/et_pb_section][et_pb_section fb_built=&#8221;1&#8243; _builder_version=&#8221;4.27.4&#8243; _module_preset=&#8221;default&#8221; background_color=&#8221;gcid-9e13f742-3963-44a9-b219-b6c67993085d&#8221; global_colors_info=&#8221;{%22gcid-9e13f742-3963-44a9-b219-b6c67993085d%22:%91%22background_color%22%93}&#8221;][et_pb_row _builder_version=&#8221;4.27.4&#8243; _module_preset=&#8221;default&#8221; global_colors_info=&#8221;{}&#8221;][et_pb_column type=&#8221;4_4&#8243; _builder_version=&#8221;4.27.4&#8243; _module_preset=&#8221;default&#8221; global_colors_info=&#8221;{}&#8221;][et_pb_heading title=&#8221;\u00bfC\u00f3mo usar las llaves virtuales?&#8221; _builder_version=&#8221;4.27.4&#8243; _module_preset=&#8221;default&#8221; title_font=&#8221;Manrope|700|||||||&#8221; title_text_color=&#8221;gcid-136df1d6-f39d-48de-98f9-3323f068d6a4&#8243; title_font_size=&#8221;40px&#8221; global_colors_info=&#8221;{%22gcid-136df1d6-f39d-48de-98f9-3323f068d6a4%22:%91%22title_text_color%22%93}&#8221;][\/et_pb_heading][\/et_pb_column][\/et_pb_row][et_pb_row column_structure=&#8221;1_4,1_4,1_4,1_4&#8243; _builder_version=&#8221;4.27.4&#8243; _module_preset=&#8221;default&#8221; background_enable_color=&#8221;off&#8221; global_colors_info=&#8221;{%22gcid-ac34d9e0-2db9-4f13-b2ad-f7db7de925a7%22:%91%22background_color%22%93}&#8221;][et_pb_column type=&#8221;1_4&#8243; _builder_version=&#8221;4.27.4&#8243; _module_preset=&#8221;default&#8221; global_colors_info=&#8221;{}&#8221;][et_pb_blurb image=&#8221;https:\/\/dreamapartmentscanarias.com\/wp-content\/uploads\/2025\/05\/1.jpg&#8221; _builder_version=&#8221;4.27.4&#8243; _module_preset=&#8221;default&#8221; background_color=&#8221;#FFFFFF&#8221; text_orientation=&#8221;center&#8221; height=&#8221;340px&#8221; height_tablet=&#8221;340px&#8221; height_phone=&#8221;340px&#8221; height_last_edited=&#8221;on|desktop&#8221; custom_margin=&#8221;|-10px||-10px|false|true&#8221; custom_padding=&#8221;|10px||10px|false|true&#8221; border_radii=&#8221;on|1px|1px|1px|1px&#8221; border_width_all=&#8221;1px&#8221; border_color_all=&#8221;rgba(84,84,84,0.58)&#8221; box_shadow_style=&#8221;preset1&#8243; global_colors_info=&#8221;{}&#8221;]<\/p>\n<h3 class=\"card-title\"><span><b>Paso 1.\u00a0<\/b><b>Accede al\u00a0<\/b><b>enlace\u00a0<\/b><b>de tu llave virtual<\/b><\/span><\/h3>\n<h4 class=\"card-text\">El primer paso es acceder al enlace de nuestra llave virtual (acceso que se enviar\u00e1 por email)<\/h4>\n<p>[\/et_pb_blurb][\/et_pb_column][et_pb_column type=&#8221;1_4&#8243; _builder_version=&#8221;4.27.4&#8243; _module_preset=&#8221;default&#8221; global_colors_info=&#8221;{}&#8221;][et_pb_blurb image=&#8221;https:\/\/dreamapartmentscanarias.com\/wp-content\/uploads\/2025\/05\/2.jpg&#8221; _builder_version=&#8221;4.27.4&#8243; _module_preset=&#8221;default&#8221; background_color=&#8221;#FFFFFF&#8221; text_orientation=&#8221;center&#8221; height=&#8221;340px&#8221; height_tablet=&#8221;340px&#8221; height_phone=&#8221;340px&#8221; height_last_edited=&#8221;on|desktop&#8221; custom_margin=&#8221;|-10px||-10px|false|true&#8221; custom_padding=&#8221;|10px||10px|false|true&#8221; border_radii=&#8221;on|1px|1px|1px|1px&#8221; border_width_all=&#8221;1px&#8221; border_color_all=&#8221;rgba(84,84,84,0.58)&#8221; box_shadow_style=&#8221;preset1&#8243; global_colors_info=&#8221;{}&#8221;]<\/p>\n<h3 class=\"card-title\"><span><b>Paso 2.\u00a0Selecciona la llave que desea usar<\/b><\/span><\/h3>\n<h4 class=\"card-text\">Selecciona la llave virtual correspondiente en el enlace<\/h4>\n<p>[\/et_pb_blurb][\/et_pb_column][et_pb_column type=&#8221;1_4&#8243; _builder_version=&#8221;4.27.4&#8243; _module_preset=&#8221;default&#8221; global_colors_info=&#8221;{}&#8221;][et_pb_blurb image=&#8221;https:\/\/dreamapartmentscanarias.com\/wp-content\/uploads\/2025\/05\/3.jpg&#8221; _builder_version=&#8221;4.27.4&#8243; _module_preset=&#8221;default&#8221; background_color=&#8221;#FFFFFF&#8221; text_orientation=&#8221;center&#8221; height=&#8221;340px&#8221; height_tablet=&#8221;340px&#8221; height_phone=&#8221;340px&#8221; height_last_edited=&#8221;on|desktop&#8221; custom_margin=&#8221;|-10px||-10px|false|true&#8221; custom_padding=&#8221;|10px||10px|false|true&#8221; hover_enabled=&#8221;0&#8243; border_radii=&#8221;on|1px|1px|1px|1px&#8221; border_width_all=&#8221;1px&#8221; border_color_all=&#8221;rgba(84,84,84,0.58)&#8221; box_shadow_style=&#8221;preset1&#8243; global_colors_info=&#8221;{}&#8221; sticky_enabled=&#8221;0&#8243;]<\/p>\n<h3 class=\"card-title\"><span><b>Paso 3.\u00a0Desbloquear o abir la puerta<\/b><\/span><\/h3>\n<h4 class=\"card-text\">Desplazamos hacia la derecha el icono de flecha<span class=\"fa fa-lock\"><\/span>, para desbloquear la puerta (abrirla)<\/h4>\n<p>[\/et_pb_blurb][\/et_pb_column][et_pb_column type=&#8221;1_4&#8243; _builder_version=&#8221;4.27.4&#8243; _module_preset=&#8221;default&#8221; global_colors_info=&#8221;{}&#8221;][et_pb_blurb image=&#8221;https:\/\/dreamapartmentscanarias.com\/wp-content\/uploads\/2025\/05\/4.jpg&#8221; _builder_version=&#8221;4.27.4&#8243; _module_preset=&#8221;default&#8221; background_color=&#8221;#FFFFFF&#8221; text_orientation=&#8221;center&#8221; height=&#8221;340px&#8221; height_tablet=&#8221;340px&#8221; height_phone=&#8221;340px&#8221; height_last_edited=&#8221;on|desktop&#8221; custom_margin=&#8221;|-10px||-10px|false|true&#8221; custom_padding=&#8221;|10px||10px|false|true&#8221; border_radii=&#8221;on|1px|1px|1px|1px&#8221; border_width_all=&#8221;1px&#8221; border_color_all=&#8221;rgba(84,84,84,0.58)&#8221; box_shadow_style=&#8221;preset1&#8243; global_colors_info=&#8221;{}&#8221;]<\/p>\n<h3 class=\"card-title\"><span><b>Paso 4.\u00a0Puerta abierta<\/b><\/span><\/h3>\n<h4 class=\"card-text\">Tras desbloquear la puerta, aparecer\u00e1 un aviso en verde indicando que est\u00e1 abierta<\/h4>\n<p>[\/et_pb_blurb][\/et_pb_column][\/et_pb_row][\/et_pb_section]<\/p>\n","protected":false},"excerpt":{"rendered":"<p>Dream Apartments Canarias &#8211; SISTEMA DE ACCESOPRE CHECK-IN ONLINERecepci\u00f3n de correo electr\u00f3nico de pre-checkin Recibir\u00e1s un correo electr\u00f3nico un d\u00eda antes de tu llegada, que incluir\u00e1 un enlace para realizar el registro online de todos los hu\u00e9spedes.Completa el registro online Haz clic en el enlace proporcionado y completa la informaci\u00f3n requerida para todos los hu\u00e9spedes [&hellip;]<\/p>\n","protected":false},"author":1,"featured_media":0,"parent":0,"menu_order":0,"comment_status":"closed","ping_status":"closed","template":"","meta":{"_et_pb_use_builder":"on","_et_pb_old_content":"","_et_gb_content_width":"","inline_featured_image":false,"footnotes":"","_links_to":"","_links_to_target":""},"class_list":["post-549","page","type-page","status-publish","hentry"],"_links":{"self":[{"href":"https:\/\/dreamapartmentscanarias.com\/en\/wp-json\/wp\/v2\/pages\/549","targetHints":{"allow":["GET"]}}],"collection":[{"href":"https:\/\/dreamapartmentscanarias.com\/en\/wp-json\/wp\/v2\/pages"}],"about":[{"href":"https:\/\/dreamapartmentscanarias.com\/en\/wp-json\/wp\/v2\/types\/page"}],"author":[{"embeddable":true,"href":"https:\/\/dreamapartmentscanarias.com\/en\/wp-json\/wp\/v2\/users\/1"}],"replies":[{"embeddable":true,"href":"https:\/\/dreamapartmentscanarias.com\/en\/wp-json\/wp\/v2\/comments?post=549"}],"version-history":[{"count":13,"href":"https:\/\/dreamapartmentscanarias.com\/en\/wp-json\/wp\/v2\/pages\/549\/revisions"}],"predecessor-version":[{"id":2803,"href":"https:\/\/dreamapartmentscanarias.com\/en\/wp-json\/wp\/v2\/pages\/549\/revisions\/2803"}],"wp:attachment":[{"href":"https:\/\/dreamapartmentscanarias.com\/en\/wp-json\/wp\/v2\/media?parent=549"}],"curies":[{"name":"wp","href":"https:\/\/api.w.org\/{rel}","templated":true}]}}